{"id":1463,"date":"2022-01-04T17:31:08","date_gmt":"2022-01-04T16:31:08","guid":{"rendered":"https:\/\/grobic.com\/?page_id=1463"},"modified":"2022-01-23T08:22:29","modified_gmt":"2022-01-23T07:22:29","slug":"proyectos","status":"publish","type":"page","link":"https:\/\/grobic.com\/?page_id=1463","title":{"rendered":"Proyectos"},"content":{"rendered":"\t\t<div data-elementor-type=\"wp-page\" data-elementor-id=\"1463\" class=\"elementor elementor-1463\">\n\t\t\t\t\t\t\t\t\t<section class=\"elementor-section elementor-top-section elementor-element elementor-element-f8938d6 elementor-section-boxed elementor-section-height-default elementor-section-height-default\" data-id=\"f8938d6\" data-element_type=\"section\">\n\t\t\t\t\t\t<div class=\"elementor-container elementor-column-gap-default\">\n\t\t\t\t\t<div class=\"elementor-column elementor-col-66 elementor-top-column elementor-element elementor-element-a789149\" data-id=\"a789149\" data-element_type=\"column\">\n\t\t\t<div class=\"elementor-widget-wrap elementor-element-populated\">\n\t\t\t\t\t\t\t\t<div class=\"elementor-element elementor-element-aa0fe4f elementor-widget elementor-widget-heading\" data-id=\"aa0fe4f\" data-element_type=\"widget\" data-widget_type=\"heading.default\">\n\t\t\t\t<div class=\"elementor-widget-container\">\n\t\t\t<style>\/*! elementor - v3.6.0 - 21-03-2022 *\/\n.elementor-heading-title{padding:0;margin:0;line-height:1}.elementor-widget-heading .elementor-heading-title[class*=elementor-size-]>a{color:inherit;font-size:inherit;line-height:inherit}.elementor-widget-heading .elementor-heading-title.elementor-size-small{font-size:15px}.elementor-widget-heading .elementor-heading-title.elementor-size-medium{font-size:19px}.elementor-widget-heading .elementor-heading-title.elementor-size-large{font-size:29px}.elementor-widget-heading .elementor-heading-title.elementor-size-xl{font-size:39px}.elementor-widget-heading .elementor-heading-title.elementor-size-xxl{font-size:59px}<\/style><h2 class=\"elementor-heading-title elementor-size-large\">Tipos de Proyectos<\/h2>\t\t<\/div>\n\t\t\t\t<\/div>\n\t\t\t\t<div class=\"elementor-element elementor-element-cc3eb97 elementor-widget elementor-widget-text-editor\" data-id=\"cc3eb97\" data-element_type=\"widget\" data-widget_type=\"text-editor.default\">\n\t\t\t\t<div class=\"elementor-widget-container\">\n\t\t\t<style>\/*! elementor - v3.6.0 - 21-03-2022 *\/\n.elementor-widget-text-editor.elementor-drop-cap-view-stacked .elementor-drop-cap{background-color:#818a91;color:#fff}.elementor-widget-text-editor.elementor-drop-cap-view-framed .elementor-drop-cap{color:#818a91;border:3px solid;background-color:transparent}.elementor-widget-text-editor:not(.elementor-drop-cap-view-default) .elementor-drop-cap{margin-top:8px}.elementor-widget-text-editor:not(.elementor-drop-cap-view-default) .elementor-drop-cap-letter{width:1em;height:1em}.elementor-widget-text-editor .elementor-drop-cap{float:left;text-align:center;line-height:1;font-size:50px}.elementor-widget-text-editor .elementor-drop-cap-letter{display:inline-block}<\/style>\t\t\t\t<ul>\n<li><strong>Proyectos de\u00a0<span style=\"color: #000080;\">expansi\u00f3n<\/span><\/strong>\u00a0que permiten a las empresas aumentar su producci\u00f3n de bienes, mediante la construcci\u00f3n de plantas nuevas, ante un previsible aumento de la demanda o buscando un mejor posicionamiento estrat\u00e9gico empresarial.<\/li>\n<li><strong>Proyectos de\u00a0<span style=\"color: #000080;\">renovaci\u00f3n<\/span><\/strong>\u00a0o sustituci\u00f3n que permiten a las empresas hacer frente al agotamiento de vida o el envejecimiento de sus plantas de producci\u00f3n mediante la sustituci\u00f3n por otras nuevas.<\/li>\n<li><strong>Proyectos de\u00a0<span style=\"color: #000080;\">modernizaci\u00f3n<\/span><\/strong>\u00a0o mejoras que permiten a las empresas adaptar sus plantas de producci\u00f3n a nuevos requerimientos o necesidades surgidos con posterioridad a sus puestas en marcha iniciales. Entre las adaptaciones m\u00e1s frecuentes est\u00e1n:<\/li>\n<\/ul>\t\t\t\t\t\t<\/div>\n\t\t\t\t<\/div>\n\t\t\t\t\t<\/div>\n\t\t<\/div>\n\t\t\t\t<div class=\"elementor-column elementor-col-33 elementor-top-column elementor-element elementor-element-c18a893\" data-id=\"c18a893\" data-element_type=\"column\">\n\t\t\t<div class=\"elementor-widget-wrap elementor-element-populated\">\n\t\t\t\t\t\t\t\t<div class=\"elementor-element elementor-element-a837c5a elementor-widget elementor-widget-text-editor\" data-id=\"a837c5a\" data-element_type=\"widget\" data-widget_type=\"text-editor.default\">\n\t\t\t\t<div class=\"elementor-widget-container\">\n\t\t\t\t\t\t\t<ul><li>Alargamiento de la <strong>vida \u00fatil<\/strong>.<\/li><li>Aumento de la <strong>capacidad de producci\u00f3n<\/strong>.<\/li><li>Aumento de la <strong>eficiencia<\/strong>.<\/li><li>Aumento de la <strong>disponibilidad<\/strong>.<\/li><li>Aumento de la <strong>fiabilidad<\/strong>.<\/li><li>Aumento de la <strong>flexibilidad operativa<\/strong>.<\/li><li>Adaptaci\u00f3n a nuevos <strong>requerimientos regulatorios<\/strong>.<\/li><\/ul>\t\t\t\t\t\t<\/div>\n\t\t\t\t<\/div>\n\t\t\t\t\t<\/div>\n\t\t<\/div>\n\t\t\t\t\t\t\t<\/div>\n\t\t<\/section>\n\t\t\t\t<section class=\"elementor-section elementor-top-section elementor-element elementor-element-0751bb2 elementor-section-boxed elementor-section-height-default elementor-section-height-default\" data-id=\"0751bb2\" data-element_type=\"section\">\n\t\t\t\t\t\t<div class=\"elementor-container elementor-column-gap-default\">\n\t\t\t\t\t<div class=\"elementor-column elementor-col-100 elementor-top-column elementor-element elementor-element-8801d00\" data-id=\"8801d00\" data-element_type=\"column\">\n\t\t\t<div class=\"elementor-widget-wrap\">\n\t\t\t\t\t\t\t\t\t<\/div>\n\t\t<\/div>\n\t\t\t\t\t\t\t<\/div>\n\t\t<\/section>\n\t\t\t\t<section class=\"elementor-section elementor-top-section elementor-element elementor-element-0ab0761 elementor-section-full_width elementor-section-content-space-evenly elementor-section-height-default elementor-section-height-default\" data-id=\"0ab0761\" data-element_type=\"section\" data-settings=\"{&quot;background_background&quot;:&quot;slideshow&quot;,&quot;background_slideshow_gallery&quot;:[{&quot;id&quot;:1486,&quot;url&quot;:&quot;http:\\\/\\\/grobic.com\\\/wp-content\\\/uploads\\\/2022\\\/01\\\/estrucutra_granja_paneles_01k.jpg&quot;},{&quot;id&quot;:1485,&quot;url&quot;:&quot;http:\\\/\\\/grobic.com\\\/wp-content\\\/uploads\\\/2022\\\/01\\\/estrucutra_granja_paneles_01l.jpg&quot;},{&quot;id&quot;:1482,&quot;url&quot;:&quot;http:\\\/\\\/grobic.com\\\/wp-content\\\/uploads\\\/2022\\\/01\\\/estrucutra_granja_paneles_01j.jpg&quot;},{&quot;id&quot;:1473,&quot;url&quot;:&quot;http:\\\/\\\/grobic.com\\\/wp-content\\\/uploads\\\/2022\\\/01\\\/estrucutra_granja_paneles_01ll.jpg&quot;},{&quot;id&quot;:1474,&quot;url&quot;:&quot;http:\\\/\\\/grobic.com\\\/wp-content\\\/uploads\\\/2022\\\/01\\\/estrucutra_granja_paneles_01n.jpg&quot;},{&quot;id&quot;:1475,&quot;url&quot;:&quot;http:\\\/\\\/grobic.com\\\/wp-content\\\/uploads\\\/2022\\\/01\\\/estrucutra_granja_paneles_01p.jpg&quot;},{&quot;id&quot;:1478,&quot;url&quot;:&quot;http:\\\/\\\/grobic.com\\\/wp-content\\\/uploads\\\/2022\\\/01\\\/estrucutra_granja_paneles_01m.jpg&quot;},{&quot;id&quot;:1487,&quot;url&quot;:&quot;http:\\\/\\\/grobic.com\\\/wp-content\\\/uploads\\\/2022\\\/01\\\/estrucutra_granja_paneles_01i.jpg&quot;},{&quot;id&quot;:1479,&quot;url&quot;:&quot;http:\\\/\\\/grobic.com\\\/wp-content\\\/uploads\\\/2022\\\/01\\\/estrucutra_granja_paneles_01n-1.jpg&quot;},{&quot;id&quot;:1472,&quot;url&quot;:&quot;http:\\\/\\\/grobic.com\\\/wp-content\\\/uploads\\\/2022\\\/01\\\/granja_paneles_1.jpg&quot;}],&quot;background_slideshow_loop&quot;:&quot;yes&quot;,&quot;background_slideshow_slide_duration&quot;:5000,&quot;background_slideshow_slide_transition&quot;:&quot;fade&quot;,&quot;background_slideshow_transition_duration&quot;:500}\">\n\t\t\t\t\t\t<div class=\"elementor-container elementor-column-gap-default\">\n\t\t\t\t\t<div class=\"elementor-column elementor-col-100 elementor-top-column elementor-element elementor-element-50ca4e9\" data-id=\"50ca4e9\" data-element_type=\"column\">\n\t\t\t<div class=\"elementor-widget-wrap\">\n\t\t\t\t\t\t\t\t\t<\/div>\n\t\t<\/div>\n\t\t\t\t\t\t\t<\/div>\n\t\t<\/section>\n\t\t\t\t<section class=\"elementor-section elementor-top-section elementor-element elementor-element-40aa464 elementor-section-boxed elementor-section-height-default elementor-section-height-default\" data-id=\"40aa464\" data-element_type=\"section\">\n\t\t\t\t\t\t<div class=\"elementor-container elementor-column-gap-default\">\n\t\t\t\t\t<div class=\"elementor-column elementor-col-66 elementor-top-column elementor-element elementor-element-49225b9\" data-id=\"49225b9\" data-element_type=\"column\">\n\t\t\t<div class=\"elementor-widget-wrap\">\n\t\t\t\t\t\t\t\t\t<\/div>\n\t\t<\/div>\n\t\t\t\t<div class=\"elementor-column elementor-col-33 elementor-top-column elementor-element elementor-element-91bbd13\" data-id=\"91bbd13\" data-element_type=\"column\">\n\t\t\t<div class=\"elementor-widget-wrap\">\n\t\t\t\t\t\t\t\t\t<\/div>\n\t\t<\/div>\n\t\t\t\t\t\t\t<\/div>\n\t\t<\/section>\n\t\t\t\t<section class=\"elementor-section elementor-top-section elementor-element elementor-element-83f920b elementor-section-boxed elementor-section-height-default elementor-section-height-default\" data-id=\"83f920b\" data-element_type=\"section\">\n\t\t\t\t\t\t<div class=\"elementor-container elementor-column-gap-default\">\n\t\t\t\t\t<div class=\"elementor-column elementor-col-100 elementor-top-column elementor-element elementor-element-9e69331\" data-id=\"9e69331\" data-element_type=\"column\">\n\t\t\t<div class=\"elementor-widget-wrap\">\n\t\t\t\t\t\t\t\t\t<\/div>\n\t\t<\/div>\n\t\t\t\t\t\t\t<\/div>\n\t\t<\/section>\n\t\t\t\t<section class=\"elementor-section elementor-top-section elementor-element elementor-element-5f46e68 elementor-section-boxed elementor-section-height-default elementor-section-height-default\" data-id=\"5f46e68\" data-element_type=\"section\">\n\t\t\t\t\t\t<div class=\"elementor-container elementor-column-gap-default\">\n\t\t\t\t\t<div class=\"elementor-column elementor-col-66 elementor-top-column elementor-element elementor-element-b4495ee\" data-id=\"b4495ee\" data-element_type=\"column\">\n\t\t\t<div class=\"elementor-widget-wrap elementor-element-populated\">\n\t\t\t\t\t\t\t\t<div class=\"elementor-element elementor-element-f0843e4 elementor-widget elementor-widget-spacer\" data-id=\"f0843e4\" data-element_type=\"widget\" data-widget_type=\"spacer.default\">\n\t\t\t\t<div class=\"elementor-widget-container\">\n\t\t\t<style>\/*! elementor - v3.6.0 - 21-03-2022 *\/\n.e-container.e-container--row .elementor-spacer-inner{width:var(--spacer-size)}.e-container.e-container--column .elementor-spacer-inner,.elementor-column .elementor-spacer-inner{height:var(--spacer-size)}<\/style>\t\t<div class=\"elementor-spacer\">\n\t\t\t<div class=\"elementor-spacer-inner\"><\/div>\n\t\t<\/div>\n\t\t\t\t<\/div>\n\t\t\t\t<\/div>\n\t\t\t\t<div class=\"elementor-element elementor-element-44215a4 elementor-widget elementor-widget-heading\" data-id=\"44215a4\" data-element_type=\"widget\" data-widget_type=\"heading.default\">\n\t\t\t\t<div class=\"elementor-widget-container\">\n\t\t\t<h2 class=\"elementor-heading-title elementor-size-large\">\u00bf Instalaci\u00f3n nueva o renovar la existente ?<\/h2>\t\t<\/div>\n\t\t\t\t<\/div>\n\t\t\t\t<div class=\"elementor-element elementor-element-ccf451b elementor-widget elementor-widget-text-editor\" data-id=\"ccf451b\" data-element_type=\"widget\" data-widget_type=\"text-editor.default\">\n\t\t\t\t<div class=\"elementor-widget-container\">\n\t\t\t\t\t\t\t<p data-adtags-visited=\"true\">Del resto de razones estrat\u00e9gicas que justifican este tipo de proyectos merecen la pena mencionar:<\/p>\n<ul>\n<li>Asegurar el desarrollo o continuidad de una empresa en un sector.<\/li>\n<li>Mantener el prestigio de una empresa.<\/li>\n<li>Obtener buenas rentabilidades financieras.<\/li>\n<li>Aumentar las ventas.<\/li>\n<li>Entrar en nuevos mercados.<\/li>\n<li>Entrar en nuevas aplicaciones de los productos.<\/li>\n<li>Ampliar el n\u00famero de productos y marcas.<\/li>\n<li>Obtener ventajas competitivas a trav\u00e9s de mejora de beneficios, mayor competencia gen\u00e9rica, creaci\u00f3n de una competencia indirecta que detraiga recursos de los sectores que interesen, aumento de la in<\/li>\n<\/ul>\n<blockquote>\n<p><span style=\"color: #003300;\">\u00bb El dilema que se plantea en una instalaci\u00f3n antigua, con una edad cercana a su vida de dise\u00f1o, es el de sustituirla por otra nueva, que procure la mismos requerimientos de producci\u00f3n, o alargar la vida de la existente, mediante costosas inversiones\u00bb<\/span><\/p>\n<\/blockquote>\t\t\t\t\t\t<\/div>\n\t\t\t\t<\/div>\n\t\t\t\t\t<\/div>\n\t\t<\/div>\n\t\t\t\t<div class=\"elementor-column elementor-col-33 elementor-top-column elementor-element elementor-element-4c32074\" data-id=\"4c32074\" data-element_type=\"column\">\n\t\t\t<div class=\"elementor-widget-wrap elementor-element-populated\">\n\t\t\t\t\t\t\t\t<div class=\"elementor-element elementor-element-a43f93f elementor-widget elementor-widget-spacer\" data-id=\"a43f93f\" data-element_type=\"widget\" data-widget_type=\"spacer.default\">\n\t\t\t\t<div class=\"elementor-widget-container\">\n\t\t\t\t\t<div class=\"elementor-spacer\">\n\t\t\t<div class=\"elementor-spacer-inner\"><\/div>\n\t\t<\/div>\n\t\t\t\t<\/div>\n\t\t\t\t<\/div>\n\t\t\t\t<div class=\"elementor-element elementor-element-379f9af elementor-widget elementor-widget-text-editor\" data-id=\"379f9af\" data-element_type=\"widget\" data-widget_type=\"text-editor.default\">\n\t\t\t\t<div class=\"elementor-widget-container\">\n\t\t\t\t\t\t\t<p>\u00a0<\/p>\n<p>\u00a0<\/p>\n<h4><span style=\"color: #003366;\"><em>Desde Grobic podemos ayudarle a trav\u00e9s de an\u00e1lisis que permiten mostrar la decisi\u00f3n mas acertada<\/em><\/span><\/h4>\n<p>\u00a0<\/p>\t\t\t\t\t\t<\/div>\n\t\t\t\t<\/div>\n\t\t\t\t\t<\/div>\n\t\t<\/div>\n\t\t\t\t\t\t\t<\/div>\n\t\t<\/section>\n\t\t\t\t<section class=\"elementor-section elementor-top-section elementor-element elementor-element-43fd5e6 elementor-section-boxed elementor-section-height-default elementor-section-height-default\" data-id=\"43fd5e6\" data-element_type=\"section\">\n\t\t\t\t\t\t<div class=\"elementor-container elementor-column-gap-default\">\n\t\t\t\t\t<div class=\"elementor-column elementor-col-33 elementor-top-column elementor-element elementor-element-a94068c\" data-id=\"a94068c\" data-element_type=\"column\">\n\t\t\t<div class=\"elementor-widget-wrap elementor-element-populated\">\n\t\t\t\t\t\t\t\t<div class=\"elementor-element elementor-element-010329a elementor-view-framed elementor-shape-circle elementor-mobile-position-top elementor-vertical-align-top elementor-widget elementor-widget-icon-box\" data-id=\"010329a\" data-element_type=\"widget\" data-widget_type=\"icon-box.default\">\n\t\t\t\t<div class=\"elementor-widget-container\">\n\t\t\t<link rel=\"stylesheet\" href=\"https:\/\/grobic.com\/wp-content\/plugins\/elementor\/assets\/css\/widget-icon-box.min.css\">\t\t<div class=\"elementor-icon-box-wrapper\">\n\t\t\t\t\t\t<div class=\"elementor-icon-box-icon\">\n\t\t\t\t<a class=\"elementor-icon elementor-animation-\" href=\"https:\/\/grobic.com\/?page_id=2\">\n\t\t\t\t<i aria-hidden=\"true\" class=\"fas fa-users-cog\"><\/i>\t\t\t\t<\/a>\n\t\t\t<\/div>\n\t\t\t\t\t\t<div class=\"elementor-icon-box-content\">\n\t\t\t\t<h3 class=\"elementor-icon-box-title\">\n\t\t\t\t\t<a href=\"https:\/\/grobic.com\/?page_id=2\" >\n\t\t\t\t\t\tMantenimiento\t\t\t\t\t<\/a>\n\t\t\t\t<\/h3>\n\t\t\t\t\t\t\t<\/div>\n\t\t<\/div>\n\t\t\t\t<\/div>\n\t\t\t\t<\/div>\n\t\t\t\t\t<\/div>\n\t\t<\/div>\n\t\t\t\t<div class=\"elementor-column elementor-col-33 elementor-top-column elementor-element elementor-element-e60ea81\" data-id=\"e60ea81\" data-element_type=\"column\">\n\t\t\t<div class=\"elementor-widget-wrap elementor-element-populated\">\n\t\t\t\t\t\t\t\t<div class=\"elementor-element elementor-element-a39e525 elementor-view-framed elementor-shape-circle elementor-mobile-position-top elementor-vertical-align-top elementor-widget elementor-widget-icon-box\" data-id=\"a39e525\" data-element_type=\"widget\" data-widget_type=\"icon-box.default\">\n\t\t\t\t<div class=\"elementor-widget-container\">\n\t\t\t\t\t<div class=\"elementor-icon-box-wrapper\">\n\t\t\t\t\t\t<div class=\"elementor-icon-box-icon\">\n\t\t\t\t<a class=\"elementor-icon elementor-animation-\" href=\"https:\/\/grobic.com\/?page_id=966\">\n\t\t\t\t<i aria-hidden=\"true\" class=\"fas fa-star\"><\/i>\t\t\t\t<\/a>\n\t\t\t<\/div>\n\t\t\t\t\t\t<div class=\"elementor-icon-box-content\">\n\t\t\t\t<h3 class=\"elementor-icon-box-title\">\n\t\t\t\t\t<a href=\"https:\/\/grobic.com\/?page_id=966\" >\n\t\t\t\t\t\tServicios\t\t\t\t\t<\/a>\n\t\t\t\t<\/h3>\n\t\t\t\t\t\t\t<\/div>\n\t\t<\/div>\n\t\t\t\t<\/div>\n\t\t\t\t<\/div>\n\t\t\t\t\t<\/div>\n\t\t<\/div>\n\t\t\t\t<div class=\"elementor-column elementor-col-33 elementor-top-column elementor-element elementor-element-a109b1d\" data-id=\"a109b1d\" data-element_type=\"column\">\n\t\t\t<div class=\"elementor-widget-wrap elementor-element-populated\">\n\t\t\t\t\t\t\t\t<div class=\"elementor-element elementor-element-b0cc8d7 elementor-view-framed elementor-shape-circle elementor-mobile-position-top elementor-vertical-align-top elementor-widget elementor-widget-icon-box\" data-id=\"b0cc8d7\" data-element_type=\"widget\" data-widget_type=\"icon-box.default\">\n\t\t\t\t<div class=\"elementor-widget-container\">\n\t\t\t\t\t<div class=\"elementor-icon-box-wrapper\">\n\t\t\t\t\t\t<div class=\"elementor-icon-box-icon\">\n\t\t\t\t<a class=\"elementor-icon elementor-animation-\" href=\"https:\/\/grobic.com\/\">\n\t\t\t\t<i aria-hidden=\"true\" class=\"fas fa-home\"><\/i>\t\t\t\t<\/a>\n\t\t\t<\/div>\n\t\t\t\t\t\t<div class=\"elementor-icon-box-content\">\n\t\t\t\t<h3 class=\"elementor-icon-box-title\">\n\t\t\t\t\t<a href=\"https:\/\/grobic.com\/\" >\n\t\t\t\t\t\tinicio\t\t\t\t\t<\/a>\n\t\t\t\t<\/h3>\n\t\t\t\t\t\t\t<\/div>\n\t\t<\/div>\n\t\t\t\t<\/div>\n\t\t\t\t<\/div>\n\t\t\t\t\t<\/div>\n\t\t<\/div>\n\t\t\t\t\t\t\t<\/div>\n\t\t<\/section>\n\t\t\t\t<section class=\"elementor-section elementor-top-section elementor-element elementor-element-07e66be elementor-section-boxed elementor-section-height-default elementor-section-height-default\" data-id=\"07e66be\" data-element_type=\"section\">\n\t\t\t\t\t\t<div class=\"elementor-container elementor-column-gap-default\">\n\t\t\t\t\t<div class=\"elementor-column elementor-col-100 elementor-top-column elementor-element elementor-element-1fa82a5\" data-id=\"1fa82a5\" data-element_type=\"column\">\n\t\t\t<div class=\"elementor-widget-wrap\">\n\t\t\t\t\t\t\t\t\t<\/div>\n\t\t<\/div>\n\t\t\t\t\t\t\t<\/div>\n\t\t<\/section>\n\t\t\t\t\t\t\t<\/div>\n\t\t","protected":false},"excerpt":{"rendered":"<p>Tipos de Proyectos Proyectos de\u00a0expansi\u00f3n\u00a0que permiten a las empresas aumentar su producci\u00f3n de bienes, mediante la construcci\u00f3n de plantas nuevas, ante un previsible aumento de la demanda o buscando un mejor posicionamiento estrat\u00e9gico empresarial. Proyectos de\u00a0renovaci\u00f3n\u00a0o sustituci\u00f3n que permiten a las empresas hacer frente al agotamiento de vida o el envejecimiento de sus plantas de &hellip;<\/p>\n<p class=\"read-more\"> <a class=\"\" href=\"https:\/\/grobic.com\/?page_id=1463\"> <span class=\"screen-reader-text\">Proyectos<\/span> Leer m\u00e1s &raquo;<\/a><\/p>\n","protected":false},"author":1,"featured_media":0,"parent":2119,"menu_order":1,"comment_status":"closed","ping_status":"closed","template":"","meta":{"om_disable_all_campaigns":false,"_monsterinsights_skip_tracking":false,"_monsterinsights_sitenote_active":false,"_monsterinsights_sitenote_note":"","_monsterinsights_sitenote_category":0,"_view_id":"","site-sidebar-layout":"","site-content-layout":"","ast-main-header-display":"","ast-hfb-above-header-display":"","ast-hfb-below-header-display":"","ast-hfb-mobile-header-display":"","site-post-title":"","ast-breadcrumbs-content":"","ast-featured-img":"","footer-sml-layout":"","theme-transparent-header-meta":"","adv-header-id-meta":"","stick-header-meta":"","header-above-stick-meta":"","header-main-stick-meta":"","header-below-stick-meta":""},"aioseo_notices":[],"_links":{"self":[{"href":"https:\/\/grobic.com\/index.php?rest_route=\/wp\/v2\/pages\/1463"}],"collection":[{"href":"https:\/\/grobic.com\/index.php?rest_route=\/wp\/v2\/pages"}],"about":[{"href":"https:\/\/grobic.com\/index.php?rest_route=\/wp\/v2\/types\/page"}],"author":[{"embeddable":true,"href":"https:\/\/grobic.com\/index.php?rest_route=\/wp\/v2\/users\/1"}],"replies":[{"embeddable":true,"href":"https:\/\/grobic.com\/index.php?rest_route=%2Fwp%2Fv2%2Fcomments&post=1463"}],"version-history":[{"count":83,"href":"https:\/\/grobic.com\/index.php?rest_route=\/wp\/v2\/pages\/1463\/revisions"}],"predecessor-version":[{"id":2792,"href":"https:\/\/grobic.com\/index.php?rest_route=\/wp\/v2\/pages\/1463\/revisions\/2792"}],"up":[{"embeddable":true,"href":"https:\/\/grobic.com\/index.php?rest_route=\/wp\/v2\/pages\/2119"}],"wp:attachment":[{"href":"https:\/\/grobic.com\/index.php?rest_route=%2Fwp%2Fv2%2Fmedia&parent=1463"}],"curies":[{"name":"wp","href":"https:\/\/api.w.org\/{rel}","templated":true}]}}