{"id":1442,"date":"2022-01-04T14:08:16","date_gmt":"2022-01-04T13:08:16","guid":{"rendered":"https:\/\/grobic.com\/?page_id=1442"},"modified":"2022-01-18T09:33:58","modified_gmt":"2022-01-18T08:33:58","slug":"urbano","status":"publish","type":"page","link":"https:\/\/grobic.com\/?page_id=1442","title":{"rendered":"Urbano"},"content":{"rendered":"\t\t<div data-elementor-type=\"wp-page\" data-elementor-id=\"1442\" class=\"elementor elementor-1442\">\n\t\t\t\t\t\t\t\t\t<section class=\"elementor-section elementor-top-section elementor-element elementor-element-63e2b5a3 elementor-section-boxed elementor-section-height-default elementor-section-height-default\" data-id=\"63e2b5a3\" data-element_type=\"section\">\n\t\t\t\t\t\t<div class=\"elementor-container elementor-column-gap-default\">\n\t\t\t\t\t<div class=\"elementor-column elementor-col-100 elementor-top-column elementor-element elementor-element-169c5899\" data-id=\"169c5899\" data-element_type=\"column\">\n\t\t\t<div class=\"elementor-widget-wrap elementor-element-populated\">\n\t\t\t\t\t\t\t\t<div class=\"elementor-element elementor-element-23df3bcf elementor-widget elementor-widget-text-editor\" data-id=\"23df3bcf\" data-element_type=\"widget\" data-widget_type=\"text-editor.default\">\n\t\t\t\t<div class=\"elementor-widget-container\">\n\t\t\t<style>\/*! elementor - v3.6.0 - 21-03-2022 *\/\n.elementor-widget-text-editor.elementor-drop-cap-view-stacked .elementor-drop-cap{background-color:#818a91;color:#fff}.elementor-widget-text-editor.elementor-drop-cap-view-framed .elementor-drop-cap{color:#818a91;border:3px solid;background-color:transparent}.elementor-widget-text-editor:not(.elementor-drop-cap-view-default) .elementor-drop-cap{margin-top:8px}.elementor-widget-text-editor:not(.elementor-drop-cap-view-default) .elementor-drop-cap-letter{width:1em;height:1em}.elementor-widget-text-editor .elementor-drop-cap{float:left;text-align:center;line-height:1;font-size:50px}.elementor-widget-text-editor .elementor-drop-cap-letter{display:inline-block}<\/style>\t\t\t\t<!-- wp:image -->\n<figure class=\"wp-block-image\"><img alt=\"\"\/><\/figure>\n<!-- \/wp:image -->\t\t\t\t\t\t<\/div>\n\t\t\t\t<\/div>\n\t\t\t\t\t<\/div>\n\t\t<\/div>\n\t\t\t\t\t\t\t<\/div>\n\t\t<\/section>\n\t\t\t\t<section class=\"elementor-section elementor-top-section elementor-element elementor-element-6752d39 elementor-section-full_width elementor-section-stretched elementor-section-height-default elementor-section-height-default\" data-id=\"6752d39\" data-element_type=\"section\" data-settings=\"{&quot;stretch_section&quot;:&quot;section-stretched&quot;,&quot;background_background&quot;:&quot;slideshow&quot;,&quot;background_slideshow_gallery&quot;:[{&quot;id&quot;:1468,&quot;url&quot;:&quot;http:\\\/\\\/grobic.com\\\/wp-content\\\/uploads\\\/2022\\\/01\\\/Urbanizacion_comunidades_01c.jpg&quot;},{&quot;id&quot;:1982,&quot;url&quot;:&quot;http:\\\/\\\/grobic.com\\\/wp-content\\\/uploads\\\/2022\\\/01\\\/casa_rustica_panel.jpg&quot;},{&quot;id&quot;:1403,&quot;url&quot;:&quot;http:\\\/\\\/grobic.com\\\/wp-content\\\/uploads\\\/2022\\\/01\\\/estructura_paneles_0e-1.jpg&quot;},{&quot;id&quot;:1405,&quot;url&quot;:&quot;http:\\\/\\\/grobic.com\\\/wp-content\\\/uploads\\\/2022\\\/01\\\/estructura_abatible_1a.jpg&quot;},{&quot;id&quot;:1387,&quot;url&quot;:&quot;http:\\\/\\\/grobic.com\\\/wp-content\\\/uploads\\\/2022\\\/01\\\/estructura_abatible_1wb.jpg&quot;},{&quot;id&quot;:1389,&quot;url&quot;:&quot;http:\\\/\\\/grobic.com\\\/wp-content\\\/uploads\\\/2022\\\/01\\\/estructura_abatible_1w.jpg&quot;},{&quot;id&quot;:1469,&quot;url&quot;:&quot;http:\\\/\\\/grobic.com\\\/wp-content\\\/uploads\\\/2022\\\/01\\\/Urbanizacion_comunidades_01b.jpg&quot;},{&quot;id&quot;:1309,&quot;url&quot;:&quot;http:\\\/\\\/grobic.com\\\/wp-content\\\/uploads\\\/2021\\\/12\\\/Untitled-35.jpg&quot;}],&quot;background_slideshow_ken_burns&quot;:&quot;yes&quot;,&quot;background_slideshow_loop&quot;:&quot;yes&quot;,&quot;background_slideshow_slide_duration&quot;:5000,&quot;background_slideshow_slide_transition&quot;:&quot;fade&quot;,&quot;background_slideshow_transition_duration&quot;:500,&quot;background_slideshow_ken_burns_zoom_direction&quot;:&quot;in&quot;}\">\n\t\t\t\t\t\t<div class=\"elementor-container elementor-column-gap-no\">\n\t\t\t\t\t<div class=\"elementor-column elementor-col-100 elementor-top-column elementor-element elementor-element-d218e2d\" data-id=\"d218e2d\" data-element_type=\"column\">\n\t\t\t<div class=\"elementor-widget-wrap elementor-element-populated\">\n\t\t\t\t\t\t\t\t\t<\/div>\n\t\t<\/div>\n\t\t\t\t\t\t\t<\/div>\n\t\t<\/section>\n\t\t\t\t<section class=\"elementor-section elementor-top-section elementor-element elementor-element-efcb5c6 elementor-section-boxed elementor-section-height-default elementor-section-height-default\" data-id=\"efcb5c6\" data-element_type=\"section\">\n\t\t\t\t\t\t<div class=\"elementor-container elementor-column-gap-default\">\n\t\t\t\t\t<div class=\"elementor-column elementor-col-50 elementor-top-column elementor-element elementor-element-181b0c5\" data-id=\"181b0c5\" data-element_type=\"column\">\n\t\t\t<div class=\"elementor-widget-wrap\">\n\t\t\t\t\t\t\t\t\t<\/div>\n\t\t<\/div>\n\t\t\t\t<div class=\"elementor-column elementor-col-50 elementor-top-column elementor-element elementor-element-09ff5bf\" data-id=\"09ff5bf\" data-element_type=\"column\">\n\t\t\t<div class=\"elementor-widget-wrap\">\n\t\t\t\t\t\t\t\t\t<\/div>\n\t\t<\/div>\n\t\t\t\t\t\t\t<\/div>\n\t\t<\/section>\n\t\t\t\t<section class=\"elementor-section elementor-top-section elementor-element elementor-element-242b164 elementor-section-boxed elementor-section-height-default elementor-section-height-default\" data-id=\"242b164\" data-element_type=\"section\">\n\t\t\t\t\t\t<div class=\"elementor-container elementor-column-gap-default\">\n\t\t\t\t\t<div class=\"elementor-column elementor-col-33 elementor-top-column elementor-element elementor-element-25259df\" data-id=\"25259df\" data-element_type=\"column\">\n\t\t\t<div class=\"elementor-widget-wrap\">\n\t\t\t\t\t\t\t\t\t<\/div>\n\t\t<\/div>\n\t\t\t\t<div class=\"elementor-column elementor-col-33 elementor-top-column elementor-element elementor-element-9b66bf3\" data-id=\"9b66bf3\" data-element_type=\"column\">\n\t\t\t<div class=\"elementor-widget-wrap\">\n\t\t\t\t\t\t\t\t\t<\/div>\n\t\t<\/div>\n\t\t\t\t<div class=\"elementor-column elementor-col-33 elementor-top-column elementor-element elementor-element-ea8988a\" data-id=\"ea8988a\" data-element_type=\"column\">\n\t\t\t<div class=\"elementor-widget-wrap\">\n\t\t\t\t\t\t\t\t\t<\/div>\n\t\t<\/div>\n\t\t\t\t\t\t\t<\/div>\n\t\t<\/section>\n\t\t\t\t<section class=\"elementor-section elementor-top-section elementor-element elementor-element-564f235 elementor-section-boxed elementor-section-height-default elementor-section-height-default\" data-id=\"564f235\" data-element_type=\"section\">\n\t\t\t\t\t\t<div class=\"elementor-container elementor-column-gap-default\">\n\t\t\t\t\t<div class=\"elementor-column elementor-col-66 elementor-top-column elementor-element elementor-element-d03db26\" data-id=\"d03db26\" data-element_type=\"column\">\n\t\t\t<div class=\"elementor-widget-wrap elementor-element-populated\">\n\t\t\t\t\t\t\t\t<div class=\"elementor-element elementor-element-f172b5e elementor-widget elementor-widget-heading\" data-id=\"f172b5e\" data-element_type=\"widget\" data-widget_type=\"heading.default\">\n\t\t\t\t<div class=\"elementor-widget-container\">\n\t\t\t<style>\/*! elementor - v3.6.0 - 21-03-2022 *\/\n.elementor-heading-title{padding:0;margin:0;line-height:1}.elementor-widget-heading .elementor-heading-title[class*=elementor-size-]>a{color:inherit;font-size:inherit;line-height:inherit}.elementor-widget-heading .elementor-heading-title.elementor-size-small{font-size:15px}.elementor-widget-heading .elementor-heading-title.elementor-size-medium{font-size:19px}.elementor-widget-heading .elementor-heading-title.elementor-size-large{font-size:29px}.elementor-widget-heading .elementor-heading-title.elementor-size-xl{font-size:39px}.elementor-widget-heading .elementor-heading-title.elementor-size-xxl{font-size:59px}<\/style><h2 class=\"elementor-heading-title elementor-size-large\">\u00bfDonde?   En Infraestructuras Urbanas<\/h2>\t\t<\/div>\n\t\t\t\t<\/div>\n\t\t\t\t<div class=\"elementor-element elementor-element-c780ded elementor-widget elementor-widget-text-editor\" data-id=\"c780ded\" data-element_type=\"widget\" data-widget_type=\"text-editor.default\">\n\t\t\t\t<div class=\"elementor-widget-container\">\n\t\t\t\t\t\t\t<p>A continuaci\u00f3n indicamos aquellas \u00c1reas Urbanas donde dirigimos nuestros proyectos:<\/p>\n<ul>\n<li>\u00c1reas <strong>Residenciales.<\/strong><\/li>\n<li>Pol\u00edgonos <strong>Industriales.<\/strong><\/li>\n<li>Parques <strong>Log\u00edsticos.<\/strong><\/li>\n<li>Parques <strong>Tecnol\u00f3gicos<\/strong>.<\/li>\n<li>Parques <strong>Comerciales.<\/strong><\/li>\n<\/ul>\t\t\t\t\t\t<\/div>\n\t\t\t\t<\/div>\n\t\t\t\t<div class=\"elementor-element elementor-element-b824943 elementor-widget elementor-widget-heading\" data-id=\"b824943\" data-element_type=\"widget\" data-widget_type=\"heading.default\">\n\t\t\t\t<div class=\"elementor-widget-container\">\n\t\t\t<h2 class=\"elementor-heading-title elementor-size-large\">\u00bfQu\u00e9 podr\u00edamos hacer?  Incorporaci\u00f3n de E. Renovables<\/h2>\t\t<\/div>\n\t\t\t\t<\/div>\n\t\t\t\t<div class=\"elementor-element elementor-element-3cc2a74 elementor-widget elementor-widget-text-editor\" data-id=\"3cc2a74\" data-element_type=\"widget\" data-widget_type=\"text-editor.default\">\n\t\t\t\t<div class=\"elementor-widget-container\">\n\t\t\t\t\t\t\t<ul>\n<li>Instalaciones que faciliten el suministro basado en energ\u00edas renovables.\n<ul>\n<li>Instalaciones geot\u00e9rmicas en zonas residenciales\u00a0<\/li>\n<li>Equipamiento con calefacci\u00f3n, refrigeraci\u00f3n y ACS a trav\u00e9s de intercambio geot\u00e9rmico.\u00a0<\/li>\n<li>&#8212;\u00a0 Sondas geot\u00e9rmicas. Perforaciones 110 &#8212; 270 m. Pozos geot\u00e9rmicos 100 -250 m.<\/li>\n<li>&#8212;\u00a0 Bomba de calor\u00a0<\/li>\n<li>&#8212;\u00a0 Suelo radiante + fancoils.\u00a0<\/li>\n<li>Instalaciones en pol\u00edgonos industriales mediante paneles fotovoltaicos, em modo autoconsumo, h\u00edbrido, aislada.\u00a0<\/li>\n<li>Microplantas individuales basadas en energ\u00edas combinadas E\u00f3lica y Solar para Parques Log\u00edsticos, Tecnol\u00f3gicos y Comerciales.\u00a0<\/li>\n<\/ul>\n<\/li>\n<\/ul>\t\t\t\t\t\t<\/div>\n\t\t\t\t<\/div>\n\t\t\t\t\t<\/div>\n\t\t<\/div>\n\t\t\t\t<div class=\"elementor-column elementor-col-33 elementor-top-column elementor-element elementor-element-dab80cb\" data-id=\"dab80cb\" data-element_type=\"column\">\n\t\t\t<div class=\"elementor-widget-wrap elementor-element-populated\">\n\t\t\t\t\t\t\t\t<div class=\"elementor-element elementor-element-c2577ef elementor-widget elementor-widget-text-editor\" data-id=\"c2577ef\" data-element_type=\"widget\" data-widget_type=\"text-editor.default\">\n\t\t\t\t<div class=\"elementor-widget-container\">\n\t\t\t\t\t\t\t<p>\u00a0<\/p>\n<p>Sobre las \u00c1reas Urbanas, podemos desarrollar proyectos que permitan la incorporaci\u00f3n de Energ\u00edas Renovables:<\/p>\n<ul>\n<li>Mediante micro-plantas de Energ\u00eda Solar.<\/li>\n<li>Micro estacione peque\u00f1os Aerogeneradores.<\/li>\n<\/ul>\n<p>Sobre Edificios p\u00fablicos,<\/p>\n<ul>\n<li>Polideportivos<\/li>\n<li>Casas Culturales<\/li>\n<li>Bibliotecas<\/li>\n<li>Colegios e Institutos<\/li>\n<li>Hospitales<\/li>\n<\/ul>\n<p><span style=\"font-size: 16px;\">Podemos acercar, nuestras ideas, proyectos e instalaciones. <\/span><\/p>\n<p><span style=\"font-size: 16px;\">En definitiva Soluciones que ayuden a generar equilibrio, entre la generosidad de las fuentes naturales de Energ\u00edas y las necesidades de dotar a estos edificios de fuentes de generaci\u00f3n cercanas.<\/span><\/p>\n<p>\u00a0<\/p>\t\t\t\t\t\t<\/div>\n\t\t\t\t<\/div>\n\t\t\t\t\t<\/div>\n\t\t<\/div>\n\t\t\t\t\t\t\t<\/div>\n\t\t<\/section>\n\t\t\t\t<section class=\"elementor-section elementor-top-section elementor-element elementor-element-fde8ad6 elementor-section-boxed elementor-section-height-default elementor-section-height-default\" data-id=\"fde8ad6\" data-element_type=\"section\">\n\t\t\t\t\t\t<div class=\"elementor-container elementor-column-gap-default\">\n\t\t\t\t\t<div class=\"elementor-column elementor-col-100 elementor-top-column elementor-element elementor-element-299f0ed\" data-id=\"299f0ed\" data-element_type=\"column\">\n\t\t\t<div class=\"elementor-widget-wrap elementor-element-populated\">\n\t\t\t\t\t\t\t\t<div class=\"elementor-element elementor-element-0eb159a elementor-widget elementor-widget-spacer\" data-id=\"0eb159a\" data-element_type=\"widget\" data-widget_type=\"spacer.default\">\n\t\t\t\t<div class=\"elementor-widget-container\">\n\t\t\t<style>\/*! elementor - v3.6.0 - 21-03-2022 *\/\n.e-container.e-container--row .elementor-spacer-inner{width:var(--spacer-size)}.e-container.e-container--column .elementor-spacer-inner,.elementor-column .elementor-spacer-inner{height:var(--spacer-size)}<\/style>\t\t<div class=\"elementor-spacer\">\n\t\t\t<div class=\"elementor-spacer-inner\"><\/div>\n\t\t<\/div>\n\t\t\t\t<\/div>\n\t\t\t\t<\/div>\n\t\t\t\t\t<\/div>\n\t\t<\/div>\n\t\t\t\t\t\t\t<\/div>\n\t\t<\/section>\n\t\t\t\t<section class=\"elementor-section elementor-top-section elementor-element elementor-element-f0fc8e1 elementor-section-full_width elementor-section-height-min-height elementor-section-stretched elementor-section-height-default elementor-section-items-middle\" data-id=\"f0fc8e1\" data-element_type=\"section\" data-settings=\"{&quot;stretch_section&quot;:&quot;section-stretched&quot;,&quot;background_background&quot;:&quot;slideshow&quot;,&quot;background_slideshow_gallery&quot;:[{&quot;id&quot;:1997,&quot;url&quot;:&quot;http:\\\/\\\/grobic.com\\\/wp-content\\\/uploads\\\/2022\\\/01\\\/rack_baterias_01.jpg&quot;},{&quot;id&quot;:1993,&quot;url&quot;:&quot;http:\\\/\\\/grobic.com\\\/wp-content\\\/uploads\\\/2022\\\/01\\\/rack_baterias_01d.jpg&quot;},{&quot;id&quot;:1990,&quot;url&quot;:&quot;http:\\\/\\\/grobic.com\\\/wp-content\\\/uploads\\\/2022\\\/01\\\/rack_baterias_01g.jpg&quot;},{&quot;id&quot;:1988,&quot;url&quot;:&quot;http:\\\/\\\/grobic.com\\\/wp-content\\\/uploads\\\/2022\\\/01\\\/panel_control_01.jpg&quot;},{&quot;id&quot;:1983,&quot;url&quot;:&quot;http:\\\/\\\/grobic.com\\\/wp-content\\\/uploads\\\/2022\\\/01\\\/panel_control_01e.jpg&quot;},{&quot;id&quot;:1981,&quot;url&quot;:&quot;http:\\\/\\\/grobic.com\\\/wp-content\\\/uploads\\\/2022\\\/01\\\/panel_control_02a.jpg&quot;}],&quot;background_slideshow_ken_burns&quot;:&quot;yes&quot;,&quot;background_slideshow_loop&quot;:&quot;yes&quot;,&quot;background_slideshow_slide_duration&quot;:5000,&quot;background_slideshow_slide_transition&quot;:&quot;fade&quot;,&quot;background_slideshow_transition_duration&quot;:500,&quot;background_slideshow_ken_burns_zoom_direction&quot;:&quot;in&quot;}\">\n\t\t\t\t\t\t<div class=\"elementor-container elementor-column-gap-no\">\n\t\t\t\t\t<div class=\"elementor-column elementor-col-100 elementor-top-column elementor-element elementor-element-fbda800\" data-id=\"fbda800\" data-element_type=\"column\">\n\t\t\t<div class=\"elementor-widget-wrap\">\n\t\t\t\t\t\t\t\t\t<\/div>\n\t\t<\/div>\n\t\t\t\t\t\t\t<\/div>\n\t\t<\/section>\n\t\t\t\t<section class=\"elementor-section elementor-top-section elementor-element elementor-element-b96181b elementor-section-boxed elementor-section-height-default elementor-section-height-default\" data-id=\"b96181b\" data-element_type=\"section\">\n\t\t\t\t\t\t<div class=\"elementor-container elementor-column-gap-default\">\n\t\t\t\t\t<div class=\"elementor-column elementor-col-100 elementor-top-column elementor-element elementor-element-d3071f0\" data-id=\"d3071f0\" data-element_type=\"column\">\n\t\t\t<div class=\"elementor-widget-wrap elementor-element-populated\">\n\t\t\t\t\t\t\t\t<div class=\"elementor-element elementor-element-fbb45cb elementor-widget elementor-widget-spacer\" data-id=\"fbb45cb\" data-element_type=\"widget\" data-widget_type=\"spacer.default\">\n\t\t\t\t<div class=\"elementor-widget-container\">\n\t\t\t\t\t<div class=\"elementor-spacer\">\n\t\t\t<div class=\"elementor-spacer-inner\"><\/div>\n\t\t<\/div>\n\t\t\t\t<\/div>\n\t\t\t\t<\/div>\n\t\t\t\t\t<\/div>\n\t\t<\/div>\n\t\t\t\t\t\t\t<\/div>\n\t\t<\/section>\n\t\t\t\t<section class=\"elementor-section elementor-top-section elementor-element elementor-element-1871596 elementor-section-boxed elementor-section-height-default elementor-section-height-default\" data-id=\"1871596\" data-element_type=\"section\">\n\t\t\t\t\t\t<div class=\"elementor-container elementor-column-gap-default\">\n\t\t\t\t\t<div class=\"elementor-column elementor-col-66 elementor-top-column elementor-element elementor-element-37c39da\" data-id=\"37c39da\" data-element_type=\"column\">\n\t\t\t<div class=\"elementor-widget-wrap elementor-element-populated\">\n\t\t\t\t\t\t\t\t<div class=\"elementor-element elementor-element-b5c5b25 elementor-widget elementor-widget-heading\" data-id=\"b5c5b25\" data-element_type=\"widget\" data-widget_type=\"heading.default\">\n\t\t\t\t<div class=\"elementor-widget-container\">\n\t\t\t<h2 class=\"elementor-heading-title elementor-size-large\">Estudio Geot\u00e9rmico previo<\/h2>\t\t<\/div>\n\t\t\t\t<\/div>\n\t\t\t\t<div class=\"elementor-element elementor-element-a642cbb elementor-widget elementor-widget-text-editor\" data-id=\"a642cbb\" data-element_type=\"widget\" data-widget_type=\"text-editor.default\">\n\t\t\t\t<div class=\"elementor-widget-container\">\n\t\t\t\t\t\t\t<p>Realizamos un estudio geot\u00e9rmico, que nos permite parametrizar el \u00e1rea de implantaci\u00f3n de la instalaci\u00f3n geot\u00e9rmica, para poder ofrecerle la instalaci\u00f3n con la mejor soluci\u00f3n adaptada a las necesidades propias de su potencial uso. Tambi\u00e9n las alternativas en adaptabilidad en los posibles cambios a futuros.\u00a0<\/p>\t\t\t\t\t\t<\/div>\n\t\t\t\t<\/div>\n\t\t\t\t\t<\/div>\n\t\t<\/div>\n\t\t\t\t<div class=\"elementor-column elementor-col-33 elementor-top-column elementor-element elementor-element-bed48b2\" data-id=\"bed48b2\" data-element_type=\"column\">\n\t\t\t<div class=\"elementor-widget-wrap elementor-element-populated\">\n\t\t\t\t\t\t\t\t<div class=\"elementor-element elementor-element-a968053 elementor-widget elementor-widget-text-editor\" data-id=\"a968053\" data-element_type=\"widget\" data-widget_type=\"text-editor.default\">\n\t\t\t\t<div class=\"elementor-widget-container\">\n\t\t\t\t\t\t\t\t\t\t\t\t\t<\/div>\n\t\t\t\t<\/div>\n\t\t\t\t\t<\/div>\n\t\t<\/div>\n\t\t\t\t\t\t\t<\/div>\n\t\t<\/section>\n\t\t\t\t\t\t\t<\/div>\n\t\t","protected":false},"excerpt":{"rendered":"<p>\u00bfDonde? En Infraestructuras Urbanas A continuaci\u00f3n indicamos aquellas \u00c1reas Urbanas donde dirigimos nuestros proyectos: \u00c1reas Residenciales. Pol\u00edgonos Industriales. Parques Log\u00edsticos. Parques Tecnol\u00f3gicos. Parques Comerciales. \u00bfQu\u00e9 podr\u00edamos hacer? Incorporaci\u00f3n de E. Renovables Instalaciones que faciliten el suministro basado en energ\u00edas renovables. Instalaciones geot\u00e9rmicas en zonas residenciales\u00a0 Equipamiento con calefacci\u00f3n, refrigeraci\u00f3n y ACS a trav\u00e9s de intercambio &hellip;<\/p>\n<p class=\"read-more\"> <a class=\"\" href=\"https:\/\/grobic.com\/?page_id=1442\"> <span class=\"screen-reader-text\">Urbano<\/span> Leer m\u00e1s &raquo;<\/a><\/p>\n","protected":false},"author":1,"featured_media":0,"parent":1424,"menu_order":0,"comment_status":"closed","ping_status":"closed","template":"","meta":{"om_disable_all_campaigns":false,"_monsterinsights_skip_tracking":false,"_monsterinsights_sitenote_active":false,"_monsterinsights_sitenote_note":"","_monsterinsights_sitenote_category":0,"_view_id":"","site-sidebar-layout":"","site-content-layout":"","ast-main-header-display":"","ast-hfb-above-header-display":"","ast-hfb-below-header-display":"","ast-hfb-mobile-header-display":"","site-post-title":"","ast-breadcrumbs-content":"","ast-featured-img":"","footer-sml-layout":"","theme-transparent-header-meta":"","adv-header-id-meta":"","stick-header-meta":"","header-above-stick-meta":"","header-main-stick-meta":"","header-below-stick-meta":""},"aioseo_notices":[],"_links":{"self":[{"href":"https:\/\/grobic.com\/index.php?rest_route=\/wp\/v2\/pages\/1442"}],"collection":[{"href":"https:\/\/grobic.com\/index.php?rest_route=\/wp\/v2\/pages"}],"about":[{"href":"https:\/\/grobic.com\/index.php?rest_route=\/wp\/v2\/types\/page"}],"author":[{"embeddable":true,"href":"https:\/\/grobic.com\/index.php?rest_route=\/wp\/v2\/users\/1"}],"replies":[{"embeddable":true,"href":"https:\/\/grobic.com\/index.php?rest_route=%2Fwp%2Fv2%2Fcomments&post=1442"}],"version-history":[{"count":66,"href":"https:\/\/grobic.com\/index.php?rest_route=\/wp\/v2\/pages\/1442\/revisions"}],"predecessor-version":[{"id":2601,"href":"https:\/\/grobic.com\/index.php?rest_route=\/wp\/v2\/pages\/1442\/revisions\/2601"}],"up":[{"embeddable":true,"href":"https:\/\/grobic.com\/index.php?rest_route=\/wp\/v2\/pages\/1424"}],"wp:attachment":[{"href":"https:\/\/grobic.com\/index.php?rest_route=%2Fwp%2Fv2%2Fmedia&parent=1442"}],"curies":[{"name":"wp","href":"https:\/\/api.w.org\/{rel}","templated":true}]}}