{"id":1424,"date":"2022-01-04T13:34:06","date_gmt":"2022-01-04T12:34:06","guid":{"rendered":"https:\/\/grobic.com\/?page_id=1424"},"modified":"2022-01-23T11:54:04","modified_gmt":"2022-01-23T10:54:04","slug":"residencial","status":"publish","type":"page","link":"https:\/\/grobic.com\/?page_id=1424","title":{"rendered":"Residencial"},"content":{"rendered":"\t\t<div data-elementor-type=\"wp-page\" data-elementor-id=\"1424\" class=\"elementor elementor-1424\">\n\t\t\t\t\t\t\t\t\t<section class=\"elementor-section elementor-top-section elementor-element elementor-element-15ed3da elementor-section-boxed elementor-section-height-default elementor-section-height-default\" data-id=\"15ed3da\" data-element_type=\"section\">\n\t\t\t\t\t\t<div class=\"elementor-container elementor-column-gap-default\">\n\t\t\t\t\t<div class=\"elementor-column elementor-col-100 elementor-top-column elementor-element elementor-element-e93df8c\" data-id=\"e93df8c\" data-element_type=\"column\">\n\t\t\t<div class=\"elementor-widget-wrap elementor-element-populated\">\n\t\t\t\t\t\t\t\t<div class=\"elementor-element elementor-element-60a1a5b elementor-widget elementor-widget-spacer\" data-id=\"60a1a5b\" data-element_type=\"widget\" data-widget_type=\"spacer.default\">\n\t\t\t\t<div class=\"elementor-widget-container\">\n\t\t\t<style>\/*! elementor - v3.6.0 - 21-03-2022 *\/\n.e-container.e-container--row .elementor-spacer-inner{width:var(--spacer-size)}.e-container.e-container--column .elementor-spacer-inner,.elementor-column .elementor-spacer-inner{height:var(--spacer-size)}<\/style>\t\t<div class=\"elementor-spacer\">\n\t\t\t<div class=\"elementor-spacer-inner\"><\/div>\n\t\t<\/div>\n\t\t\t\t<\/div>\n\t\t\t\t<\/div>\n\t\t\t\t\t<\/div>\n\t\t<\/div>\n\t\t\t\t\t\t\t<\/div>\n\t\t<\/section>\n\t\t\t\t<section class=\"elementor-section elementor-top-section elementor-element elementor-element-7caf1cb elementor-section-full_width elementor-section-stretched elementor-section-height-default elementor-section-height-default\" data-id=\"7caf1cb\" data-element_type=\"section\" data-settings=\"{&quot;stretch_section&quot;:&quot;section-stretched&quot;,&quot;background_background&quot;:&quot;slideshow&quot;,&quot;background_slideshow_gallery&quot;:[{&quot;id&quot;:1410,&quot;url&quot;:&quot;http:\\\/\\\/grobic.com\\\/wp-content\\\/uploads\\\/2022\\\/01\\\/casa_cubierta-tipo_8b.jpg&quot;},{&quot;id&quot;:1407,&quot;url&quot;:&quot;http:\\\/\\\/grobic.com\\\/wp-content\\\/uploads\\\/2022\\\/01\\\/estructura_paneles_0c.jpg&quot;},{&quot;id&quot;:1468,&quot;url&quot;:&quot;http:\\\/\\\/grobic.com\\\/wp-content\\\/uploads\\\/2022\\\/01\\\/Urbanizacion_comunidades_01c.jpg&quot;}],&quot;background_slideshow_ken_burns&quot;:&quot;yes&quot;,&quot;animation&quot;:&quot;none&quot;,&quot;background_slideshow_loop&quot;:&quot;yes&quot;,&quot;background_slideshow_slide_duration&quot;:5000,&quot;background_slideshow_slide_transition&quot;:&quot;fade&quot;,&quot;background_slideshow_transition_duration&quot;:500,&quot;background_slideshow_ken_burns_zoom_direction&quot;:&quot;in&quot;}\">\n\t\t\t\t\t\t<div class=\"elementor-container elementor-column-gap-no\">\n\t\t\t\t\t<div class=\"elementor-column elementor-col-100 elementor-top-column elementor-element elementor-element-e9f8b1e\" data-id=\"e9f8b1e\" data-element_type=\"column\">\n\t\t\t<div class=\"elementor-widget-wrap\">\n\t\t\t\t\t\t\t\t\t<\/div>\n\t\t<\/div>\n\t\t\t\t\t\t\t<\/div>\n\t\t<\/section>\n\t\t\t\t<section class=\"elementor-section elementor-top-section elementor-element elementor-element-e80dc9f elementor-section-boxed elementor-section-height-default elementor-section-height-default\" data-id=\"e80dc9f\" data-element_type=\"section\">\n\t\t\t\t\t\t<div class=\"elementor-container elementor-column-gap-default\">\n\t\t\t\t\t<div class=\"elementor-column elementor-col-66 elementor-top-column elementor-element elementor-element-e326aa8\" data-id=\"e326aa8\" data-element_type=\"column\">\n\t\t\t<div class=\"elementor-widget-wrap elementor-element-populated\">\n\t\t\t\t\t\t\t\t<section class=\"elementor-section elementor-inner-section elementor-element elementor-element-436740b elementor-section-boxed elementor-section-height-default elementor-section-height-default\" data-id=\"436740b\" data-element_type=\"section\">\n\t\t\t\t\t\t<div class=\"elementor-container elementor-column-gap-default\">\n\t\t\t\t\t<div class=\"elementor-column elementor-col-50 elementor-inner-column elementor-element elementor-element-fb3fee8\" data-id=\"fb3fee8\" data-element_type=\"column\">\n\t\t\t<div class=\"elementor-widget-wrap elementor-element-populated\">\n\t\t\t\t\t\t\t\t<div class=\"elementor-element elementor-element-2fa2e90 elementor-widget elementor-widget-text-editor\" data-id=\"2fa2e90\" data-element_type=\"widget\" data-widget_type=\"text-editor.default\">\n\t\t\t\t<div class=\"elementor-widget-container\">\n\t\t\t<style>\/*! elementor - v3.6.0 - 21-03-2022 *\/\n.elementor-widget-text-editor.elementor-drop-cap-view-stacked .elementor-drop-cap{background-color:#818a91;color:#fff}.elementor-widget-text-editor.elementor-drop-cap-view-framed .elementor-drop-cap{color:#818a91;border:3px solid;background-color:transparent}.elementor-widget-text-editor:not(.elementor-drop-cap-view-default) .elementor-drop-cap{margin-top:8px}.elementor-widget-text-editor:not(.elementor-drop-cap-view-default) .elementor-drop-cap-letter{width:1em;height:1em}.elementor-widget-text-editor .elementor-drop-cap{float:left;text-align:center;line-height:1;font-size:50px}.elementor-widget-text-editor .elementor-drop-cap-letter{display:inline-block}<\/style>\t\t\t\t\t\t\t\t\t\t<\/div>\n\t\t\t\t<\/div>\n\t\t\t\t\t<\/div>\n\t\t<\/div>\n\t\t\t\t<div class=\"elementor-column elementor-col-50 elementor-inner-column elementor-element elementor-element-16d8d35\" data-id=\"16d8d35\" data-element_type=\"column\">\n\t\t\t<div class=\"elementor-widget-wrap elementor-element-populated\">\n\t\t\t\t\t\t\t\t<div class=\"elementor-element elementor-element-89caf63 elementor-widget elementor-widget-text-editor\" data-id=\"89caf63\" data-element_type=\"widget\" data-widget_type=\"text-editor.default\">\n\t\t\t\t<div class=\"elementor-widget-container\">\n\t\t\t\t\t\t\t\t\t\t\t\t\t<\/div>\n\t\t\t\t<\/div>\n\t\t\t\t\t<\/div>\n\t\t<\/div>\n\t\t\t\t\t\t\t<\/div>\n\t\t<\/section>\n\t\t\t\t\t<\/div>\n\t\t<\/div>\n\t\t\t\t<div class=\"elementor-column elementor-col-33 elementor-top-column elementor-element elementor-element-fe1225e\" data-id=\"fe1225e\" data-element_type=\"column\">\n\t\t\t<div class=\"elementor-widget-wrap elementor-element-populated\">\n\t\t\t\t\t\t\t\t<div class=\"elementor-element elementor-element-bcfdaca elementor-widget elementor-widget-text-editor\" data-id=\"bcfdaca\" data-element_type=\"widget\" data-widget_type=\"text-editor.default\">\n\t\t\t\t<div class=\"elementor-widget-container\">\n\t\t\t\t\t\t\t\t\t\t\t\t\t<\/div>\n\t\t\t\t<\/div>\n\t\t\t\t\t<\/div>\n\t\t<\/div>\n\t\t\t\t\t\t\t<\/div>\n\t\t<\/section>\n\t\t\t\t<section class=\"elementor-section elementor-top-section elementor-element elementor-element-96cfd07 elementor-section-boxed elementor-section-height-default elementor-section-height-default\" data-id=\"96cfd07\" data-element_type=\"section\">\n\t\t\t\t\t\t<div class=\"elementor-container elementor-column-gap-default\">\n\t\t\t\t\t<div class=\"elementor-column elementor-col-33 elementor-top-column elementor-element elementor-element-1dd4df5\" data-id=\"1dd4df5\" data-element_type=\"column\">\n\t\t\t<div class=\"elementor-widget-wrap\">\n\t\t\t\t\t\t\t\t\t<\/div>\n\t\t<\/div>\n\t\t\t\t<div class=\"elementor-column elementor-col-33 elementor-top-column elementor-element elementor-element-13781f3\" data-id=\"13781f3\" data-element_type=\"column\">\n\t\t\t<div class=\"elementor-widget-wrap\">\n\t\t\t\t\t\t\t\t\t<\/div>\n\t\t<\/div>\n\t\t\t\t<div class=\"elementor-column elementor-col-33 elementor-top-column elementor-element elementor-element-946d693\" data-id=\"946d693\" data-element_type=\"column\">\n\t\t\t<div class=\"elementor-widget-wrap\">\n\t\t\t\t\t\t\t\t\t<\/div>\n\t\t<\/div>\n\t\t\t\t\t\t\t<\/div>\n\t\t<\/section>\n\t\t\t\t<section class=\"elementor-section elementor-top-section elementor-element elementor-element-57bc49a elementor-section-boxed elementor-section-height-default elementor-section-height-default\" data-id=\"57bc49a\" data-element_type=\"section\">\n\t\t\t\t\t\t<div class=\"elementor-container elementor-column-gap-default\">\n\t\t\t\t\t<div class=\"elementor-column elementor-col-33 elementor-top-column elementor-element elementor-element-dc09403\" data-id=\"dc09403\" data-element_type=\"column\">\n\t\t\t<div class=\"elementor-widget-wrap elementor-element-populated\">\n\t\t\t\t\t\t\t\t<div class=\"elementor-element elementor-element-7f5caef elementor-view-framed elementor-shape-circle elementor-mobile-position-top elementor-vertical-align-top elementor-widget elementor-widget-icon-box\" data-id=\"7f5caef\" data-element_type=\"widget\" data-widget_type=\"icon-box.default\">\n\t\t\t\t<div class=\"elementor-widget-container\">\n\t\t\t<link rel=\"stylesheet\" href=\"https:\/\/grobic.com\/wp-content\/plugins\/elementor\/assets\/css\/widget-icon-box.min.css\">\t\t<div class=\"elementor-icon-box-wrapper\">\n\t\t\t\t\t\t<div class=\"elementor-icon-box-icon\">\n\t\t\t\t<a class=\"elementor-icon elementor-animation-\" href=\"https:\/\/grobic.com\/?page_id=1432\">\n\t\t\t\t<i aria-hidden=\"true\" class=\"fas fa-school\"><\/i>\t\t\t\t<\/a>\n\t\t\t<\/div>\n\t\t\t\t\t\t<div class=\"elementor-icon-box-content\">\n\t\t\t\t<h3 class=\"elementor-icon-box-title\">\n\t\t\t\t\t<a href=\"https:\/\/grobic.com\/?page_id=1432\" >\n\t\t\t\t\t\tRural\t\t\t\t\t<\/a>\n\t\t\t\t<\/h3>\n\t\t\t\t\t\t\t<\/div>\n\t\t<\/div>\n\t\t\t\t<\/div>\n\t\t\t\t<\/div>\n\t\t\t\t\t<\/div>\n\t\t<\/div>\n\t\t\t\t<div class=\"elementor-column elementor-col-33 elementor-top-column elementor-element elementor-element-77e305f\" data-id=\"77e305f\" data-element_type=\"column\">\n\t\t\t<div class=\"elementor-widget-wrap elementor-element-populated\">\n\t\t\t\t\t\t\t\t<div class=\"elementor-element elementor-element-44e69bc elementor-view-framed elementor-shape-circle elementor-mobile-position-top elementor-vertical-align-top elementor-widget elementor-widget-icon-box\" data-id=\"44e69bc\" data-element_type=\"widget\" data-widget_type=\"icon-box.default\">\n\t\t\t\t<div class=\"elementor-widget-container\">\n\t\t\t\t\t<div class=\"elementor-icon-box-wrapper\">\n\t\t\t\t\t\t<div class=\"elementor-icon-box-icon\">\n\t\t\t\t<a class=\"elementor-icon elementor-animation-\" href=\"https:\/\/grobic.com\/?page_id=1442\">\n\t\t\t\t<i aria-hidden=\"true\" class=\"fas fa-city\"><\/i>\t\t\t\t<\/a>\n\t\t\t<\/div>\n\t\t\t\t\t\t<div class=\"elementor-icon-box-content\">\n\t\t\t\t<h3 class=\"elementor-icon-box-title\">\n\t\t\t\t\t<a href=\"https:\/\/grobic.com\/?page_id=1442\" >\n\t\t\t\t\t\tUrbano\t\t\t\t\t<\/a>\n\t\t\t\t<\/h3>\n\t\t\t\t\t\t\t<\/div>\n\t\t<\/div>\n\t\t\t\t<\/div>\n\t\t\t\t<\/div>\n\t\t\t\t\t<\/div>\n\t\t<\/div>\n\t\t\t\t<div class=\"elementor-column elementor-col-33 elementor-top-column elementor-element elementor-element-70fc33b\" data-id=\"70fc33b\" data-element_type=\"column\">\n\t\t\t<div class=\"elementor-widget-wrap elementor-element-populated\">\n\t\t\t\t\t\t\t\t<div class=\"elementor-element elementor-element-9464970 elementor-view-framed elementor-shape-circle elementor-mobile-position-top elementor-vertical-align-top elementor-widget elementor-widget-icon-box\" data-id=\"9464970\" data-element_type=\"widget\" data-widget_type=\"icon-box.default\">\n\t\t\t\t<div class=\"elementor-widget-container\">\n\t\t\t\t\t<div class=\"elementor-icon-box-wrapper\">\n\t\t\t\t\t\t<div class=\"elementor-icon-box-icon\">\n\t\t\t\t<a class=\"elementor-icon elementor-animation-\" href=\"https:\/\/grobic.com\/?page_id=1456\">\n\t\t\t\t<i aria-hidden=\"true\" class=\"fas fa-building\"><\/i>\t\t\t\t<\/a>\n\t\t\t<\/div>\n\t\t\t\t\t\t<div class=\"elementor-icon-box-content\">\n\t\t\t\t<h3 class=\"elementor-icon-box-title\">\n\t\t\t\t\t<a href=\"https:\/\/grobic.com\/?page_id=1456\" >\n\t\t\t\t\t\tComunidades\t\t\t\t\t<\/a>\n\t\t\t\t<\/h3>\n\t\t\t\t\t\t\t<\/div>\n\t\t<\/div>\n\t\t\t\t<\/div>\n\t\t\t\t<\/div>\n\t\t\t\t\t<\/div>\n\t\t<\/div>\n\t\t\t\t\t\t\t<\/div>\n\t\t<\/section>\n\t\t\t\t<section class=\"elementor-section elementor-top-section elementor-element elementor-element-b2e0436 elementor-section-boxed elementor-section-height-default elementor-section-height-default\" data-id=\"b2e0436\" data-element_type=\"section\">\n\t\t\t\t\t\t<div class=\"elementor-container elementor-column-gap-default\">\n\t\t\t\t\t<div class=\"elementor-column elementor-col-25 elementor-top-column elementor-element elementor-element-79a462d\" data-id=\"79a462d\" data-element_type=\"column\">\n\t\t\t<div class=\"elementor-widget-wrap\">\n\t\t\t\t\t\t\t\t\t<\/div>\n\t\t<\/div>\n\t\t\t\t<div class=\"elementor-column elementor-col-25 elementor-top-column elementor-element elementor-element-5be39b2\" data-id=\"5be39b2\" data-element_type=\"column\">\n\t\t\t<div class=\"elementor-widget-wrap\">\n\t\t\t\t\t\t\t\t\t<\/div>\n\t\t<\/div>\n\t\t\t\t<div class=\"elementor-column elementor-col-25 elementor-top-column elementor-element elementor-element-86d6f14\" data-id=\"86d6f14\" data-element_type=\"column\">\n\t\t\t<div class=\"elementor-widget-wrap\">\n\t\t\t\t\t\t\t\t\t<\/div>\n\t\t<\/div>\n\t\t\t\t<div class=\"elementor-column elementor-col-25 elementor-top-column elementor-element elementor-element-9b7a688\" data-id=\"9b7a688\" data-element_type=\"column\">\n\t\t\t<div class=\"elementor-widget-wrap\">\n\t\t\t\t\t\t\t\t\t<\/div>\n\t\t<\/div>\n\t\t\t\t\t\t\t<\/div>\n\t\t<\/section>\n\t\t\t\t<section class=\"elementor-section elementor-top-section elementor-element elementor-element-45d7e2b elementor-section-boxed elementor-section-height-default elementor-section-height-default\" data-id=\"45d7e2b\" data-element_type=\"section\">\n\t\t\t\t\t\t<div class=\"elementor-container elementor-column-gap-default\">\n\t\t\t\t\t<div class=\"elementor-column elementor-col-33 elementor-top-column elementor-element elementor-element-d8b61e0\" data-id=\"d8b61e0\" data-element_type=\"column\">\n\t\t\t<div class=\"elementor-widget-wrap\">\n\t\t\t\t\t\t\t\t\t<\/div>\n\t\t<\/div>\n\t\t\t\t<div class=\"elementor-column elementor-col-33 elementor-top-column elementor-element elementor-element-5f0b318\" data-id=\"5f0b318\" data-element_type=\"column\">\n\t\t\t<div class=\"elementor-widget-wrap\">\n\t\t\t\t\t\t\t\t\t<\/div>\n\t\t<\/div>\n\t\t\t\t<div class=\"elementor-column elementor-col-33 elementor-top-column elementor-element elementor-element-e964a2d\" data-id=\"e964a2d\" data-element_type=\"column\">\n\t\t\t<div class=\"elementor-widget-wrap\">\n\t\t\t\t\t\t\t\t\t<\/div>\n\t\t<\/div>\n\t\t\t\t\t\t\t<\/div>\n\t\t<\/section>\n\t\t\t\t<section class=\"elementor-section elementor-top-section elementor-element elementor-element-34781a9 elementor-section-boxed elementor-section-height-default elementor-section-height-default\" data-id=\"34781a9\" data-element_type=\"section\">\n\t\t\t\t\t\t<div class=\"elementor-container elementor-column-gap-default\">\n\t\t\t\t\t<div class=\"elementor-column elementor-col-66 elementor-top-column elementor-element elementor-element-934c075\" data-id=\"934c075\" data-element_type=\"column\">\n\t\t\t<div class=\"elementor-widget-wrap elementor-element-populated\">\n\t\t\t\t\t\t\t\t<div class=\"elementor-element elementor-element-8baa96d elementor-widget elementor-widget-heading\" data-id=\"8baa96d\" data-element_type=\"widget\" data-widget_type=\"heading.default\">\n\t\t\t\t<div class=\"elementor-widget-container\">\n\t\t\t<style>\/*! elementor - v3.6.0 - 21-03-2022 *\/\n.elementor-heading-title{padding:0;margin:0;line-height:1}.elementor-widget-heading .elementor-heading-title[class*=elementor-size-]>a{color:inherit;font-size:inherit;line-height:inherit}.elementor-widget-heading .elementor-heading-title.elementor-size-small{font-size:15px}.elementor-widget-heading .elementor-heading-title.elementor-size-medium{font-size:19px}.elementor-widget-heading .elementor-heading-title.elementor-size-large{font-size:29px}.elementor-widget-heading .elementor-heading-title.elementor-size-xl{font-size:39px}.elementor-widget-heading .elementor-heading-title.elementor-size-xxl{font-size:59px}<\/style><h2 class=\"elementor-heading-title elementor-size-default\">Residencial<\/h2>\t\t<\/div>\n\t\t\t\t<\/div>\n\t\t\t\t<div class=\"elementor-element elementor-element-5c89fb4 elementor-widget elementor-widget-text-editor\" data-id=\"5c89fb4\" data-element_type=\"widget\" data-widget_type=\"text-editor.default\">\n\t\t\t\t<div class=\"elementor-widget-container\">\n\t\t\t\t\t\t\t<p>El sector residencial presenta una multitud de particularidades y especificidades que hacen que la difusi\u00f3n e implantaci\u00f3n de la eficiencia energ\u00e9tica sea especialmente compleja; antig\u00fcedad y tipo de viviendas, ratio de ocupaci\u00f3n o tama\u00f1o de las viviendas, o ingresos son factores que hacen que la inversi\u00f3n en eficiencia energ\u00e9tica sea m\u00e1s o menos dif\u00edcil.\u00a0<\/p>\t\t\t\t\t\t<\/div>\n\t\t\t\t<\/div>\n\t\t\t\t<div class=\"elementor-element elementor-element-8e4585f elementor-widget elementor-widget-text-editor\" data-id=\"8e4585f\" data-element_type=\"widget\" data-widget_type=\"text-editor.default\">\n\t\t\t\t<div class=\"elementor-widget-container\">\n\t\t\t\t\t\t\t<blockquote>\n<h5><span style=\"color: #008000;\">\u2018Paradoja de la Eficiencia Energ\u00e9tica<\/span><\/h5>\n<\/blockquote>\n<p>Estas barreras consisten principalmente en:<\/p>\n<ul>\n<li>una informaci\u00f3n incompleta y asim\u00e9trica,<\/li>\n<li>el problema del principal-agente,<\/li>\n<li>los altos costes asociados a la mayor\u00eda de estas inversiones,<\/li>\n<li>la incertidumbre,<\/li>\n<li>la inercia o lo que se conoce t\u00e9cnicamente como \u2018racionalidad acotada\u2019, etc.<\/li>\n<\/ul>\n<p>Sin embargo, el sector residencial presenta un nivel de complejidad especialmente relevante que hace que la adopci\u00f3n de medidas de eficiencia energ\u00e9tica sea mucho m\u00e1s complicada que en otros sectores como, por ejemplo, la simple adquisici\u00f3n de electrodom\u00e9sticos o veh\u00edculos eficientes.<\/p>\n<p>\u00a0<\/p>\t\t\t\t\t\t<\/div>\n\t\t\t\t<\/div>\n\t\t\t\t\t<\/div>\n\t\t<\/div>\n\t\t\t\t<div class=\"elementor-column elementor-col-33 elementor-top-column elementor-element elementor-element-74fad1a\" data-id=\"74fad1a\" data-element_type=\"column\">\n\t\t\t<div class=\"elementor-widget-wrap elementor-element-populated\">\n\t\t\t\t\t\t\t\t<div class=\"elementor-element elementor-element-63b00f6 elementor-widget elementor-widget-heading\" data-id=\"63b00f6\" data-element_type=\"widget\" data-widget_type=\"heading.default\">\n\t\t\t\t<div class=\"elementor-widget-container\">\n\t\t\t<h3 class=\"elementor-heading-title elementor-size-large\">Caracter\u00edsticas <\/h3>\t\t<\/div>\n\t\t\t\t<\/div>\n\t\t\t\t<div class=\"elementor-element elementor-element-785010a elementor-widget elementor-widget-text-editor\" data-id=\"785010a\" data-element_type=\"widget\" data-widget_type=\"text-editor.default\">\n\t\t\t\t<div class=\"elementor-widget-container\">\n\t\t\t\t\t\t\t<ul>\n<li>Bloques o vivienda individual: el 70% de los hogares vive en bloques de viviendas. Las viviendas en bloque dificultan notablemente cualquier tipo de decisi\u00f3n sobre inversi\u00f3n debido al mayor n\u00famero de personas que se tienen que poner de acuerdo. Es, por lo tanto, un factor con efectos negativos importantes que nos diferencia de otros pa\u00edses como Reino Unido con mayor presencia de viviendas unifamiliares.\u00a0<\/li>\n<\/ul>\n<ul>\n<li>Alquiler o propiedad: el 92% de los hogares viven en r\u00e9gimen de propiedad. Este porcentaje tambi\u00e9n es superior al resto de pa\u00edses y al contrario que el tipo de vivienda, supone un factor positivo para la inversi\u00f3n en eficiencia energ\u00e9tica. Est\u00e1 relacionado directamente con el problema del principal\/agente que ocurre en situaciones como la siguiente: el inquilino que es quien paga las facturas del gas y la electricidad y podr\u00eda tener inter\u00e9s en invertir en eficiencia energ\u00e9tica para ahorrar costes, no es el encargado de dicha inversi\u00f3n ya que es probable que pierda la inversi\u00f3n en el momento en el que abandone la vivienda. Sin embargo, el propietario que es el encargado de la inversi\u00f3n no tiene incentivos ya que no es el que se beneficiar\u00e1 del ahorro en las facturas.<\/li>\n<\/ul>\n<ul>\n<li>Antig\u00fcedad: el 49% de las viviendas fueron construidas entre 1979 y 2005 (seg\u00fan<a href=\"https:\/\/www.google.es\/url?sa=t&amp;rct=j&amp;q=&amp;esrc=s&amp;source=web&amp;cd=3&amp;cad=rja&amp;ved=0CEcQFjAC&amp;url=http%3A%2F%2Fawsassets.wwf.es%2Fdownloads%2Fwwf_ppt_feb_27_2012_cs_edit.pdf&amp;ei=eZheUdCtCcOdtAb_toDgCw&amp;usg=AFQjCNHbGtFRDm8850TVobqH5vkqQZs1Dg&amp;sig2=88C88ZyXK4napGhFLaKCIw&amp;bvm=bv.44770516,d.Yms\" target=\"_blank\" rel=\"noopener\">\u00a0otra fuente<\/a>, el 53% de las viviendas fueron construidas antes de 1980). La antig\u00fcedad de las viviendas tiene implicaciones sobre el tipo de medidas de eficiencia energ\u00e9tica que se deben aplicar y el propio grado de eficiencia energ\u00e9tica del parque de edificios; cuanto m\u00e1s envejecido sea nuestro stock de edificios menor ser\u00e1 nuestro nivel de eficiencia energ\u00e9tica. Por otro lado, es posible que las construcciones m\u00e1s antiguas requieran de medidas estructurales mucho m\u00e1s complejas y con un coste mucho mayor. Por lo tanto, un stock de viviendas envejecido podr\u00eda tener un potencial de ahorros energ\u00e9ticos mayor pero se requiere de un esfuerzo de financiaci\u00f3n m\u00e1s elevado.<\/li>\n<\/ul>\n<ul>\n<li>Composici\u00f3n del hogar: Espa\u00f1a tiene una poblaci\u00f3n envejecida. La edad de los miembros del hogar juega un papel determinante a la hora de invertir en eficiencia energ\u00e9tica; generalmente las personas de edad avanzada sufren una mayor falta de informaci\u00f3n mientras que los retornos de la inversi\u00f3n se producir\u00e1n durante un periodo m\u00e1s corto, lo que supone un efecto negativo sobre la inversi\u00f3n.<\/li>\n<\/ul>\n<ul>\n<li>Renta: en el a\u00f1o 2010, m\u00e1s del 60% de los hogares pertenec\u00edan a una clase social igual o superior a la media, con rentas superiores a los 30.000 euros al a\u00f1o (esta cifra es susceptible de haber disminuido en la actualidad como consecuencia de la crisis econ\u00f3mica). Generalmente, la renta est\u00e1 identificada como un factor con efectos positivos sobre la inversi\u00f3n en eficiencia energ\u00e9tica.\u00a0<\/li>\n<\/ul>\t\t\t\t\t\t<\/div>\n\t\t\t\t<\/div>\n\t\t\t\t\t<\/div>\n\t\t<\/div>\n\t\t\t\t\t\t\t<\/div>\n\t\t<\/section>\n\t\t\t\t<section class=\"elementor-section elementor-top-section elementor-element elementor-element-2c138a2 elementor-section-boxed elementor-section-height-default elementor-section-height-default\" data-id=\"2c138a2\" data-element_type=\"section\">\n\t\t\t\t\t\t<div class=\"elementor-container elementor-column-gap-default\">\n\t\t\t\t\t<div class=\"elementor-column elementor-col-66 elementor-top-column elementor-element elementor-element-6d905e4\" data-id=\"6d905e4\" data-element_type=\"column\">\n\t\t\t<div class=\"elementor-widget-wrap\">\n\t\t\t\t\t\t\t\t\t<\/div>\n\t\t<\/div>\n\t\t\t\t<div class=\"elementor-column elementor-col-33 elementor-top-column elementor-element elementor-element-42b10c0\" data-id=\"42b10c0\" data-element_type=\"column\">\n\t\t\t<div class=\"elementor-widget-wrap\">\n\t\t\t\t\t\t\t\t\t<\/div>\n\t\t<\/div>\n\t\t\t\t\t\t\t<\/div>\n\t\t<\/section>\n\t\t\t\t\t\t\t<\/div>\n\t\t","protected":false},"excerpt":{"rendered":"<p>Rural Urbano Comunidades Residencial El sector residencial presenta una multitud de particularidades y especificidades que hacen que la difusi\u00f3n e implantaci\u00f3n de la eficiencia energ\u00e9tica sea especialmente compleja; antig\u00fcedad y tipo de viviendas, ratio de ocupaci\u00f3n o tama\u00f1o de las viviendas, o ingresos son factores que hacen que la inversi\u00f3n en eficiencia energ\u00e9tica sea m\u00e1s &hellip;<\/p>\n<p class=\"read-more\"> <a class=\"\" href=\"https:\/\/grobic.com\/?page_id=1424\"> <span class=\"screen-reader-text\">Residencial<\/span> Leer m\u00e1s &raquo;<\/a><\/p>\n","protected":false},"author":1,"featured_media":0,"parent":966,"menu_order":1,"comment_status":"closed","ping_status":"closed","template":"","meta":{"om_disable_all_campaigns":false,"_monsterinsights_skip_tracking":false,"_monsterinsights_sitenote_active":false,"_monsterinsights_sitenote_note":"","_monsterinsights_sitenote_category":0,"_view_id":"","site-sidebar-layout":"","site-content-layout":"","ast-main-header-display":"","ast-hfb-above-header-display":"","ast-hfb-below-header-display":"","ast-hfb-mobile-header-display":"","site-post-title":"","ast-breadcrumbs-content":"","ast-featured-img":"","footer-sml-layout":"","theme-transparent-header-meta":"","adv-header-id-meta":"","stick-header-meta":"","header-above-stick-meta":"","header-main-stick-meta":"","header-below-stick-meta":""},"aioseo_notices":[],"_links":{"self":[{"href":"https:\/\/grobic.com\/index.php?rest_route=\/wp\/v2\/pages\/1424"}],"collection":[{"href":"https:\/\/grobic.com\/index.php?rest_route=\/wp\/v2\/pages"}],"about":[{"href":"https:\/\/grobic.com\/index.php?rest_route=\/wp\/v2\/types\/page"}],"author":[{"embeddable":true,"href":"https:\/\/grobic.com\/index.php?rest_route=\/wp\/v2\/users\/1"}],"replies":[{"embeddable":true,"href":"https:\/\/grobic.com\/index.php?rest_route=%2Fwp%2Fv2%2Fcomments&post=1424"}],"version-history":[{"count":42,"href":"https:\/\/grobic.com\/index.php?rest_route=\/wp\/v2\/pages\/1424\/revisions"}],"predecessor-version":[{"id":2878,"href":"https:\/\/grobic.com\/index.php?rest_route=\/wp\/v2\/pages\/1424\/revisions\/2878"}],"up":[{"embeddable":true,"href":"https:\/\/grobic.com\/index.php?rest_route=\/wp\/v2\/pages\/966"}],"wp:attachment":[{"href":"https:\/\/grobic.com\/index.php?rest_route=%2Fwp%2Fv2%2Fmedia&parent=1424"}],"curies":[{"name":"wp","href":"https:\/\/api.w.org\/{rel}","templated":true}]}}